{"id":1742,"date":"2019-01-20T00:05:05","date_gmt":"2019-01-20T00:05:05","guid":{"rendered":"http:\/\/lash.utrng.edu.mx\/?page_id=1742"},"modified":"2019-03-10T00:03:16","modified_gmt":"2019-03-10T00:03:16","slug":"administracion-de-la-funcion-informatica","status":"publish","type":"page","link":"https:\/\/lash.utrng.edu.mx\/?page_id=1742","title":{"rendered":"Administraci\u00f3n de la Funci\u00f3n Inform\u00e1tica"},"content":{"rendered":"\n<figure class=\"wp-block-image\"><img loading=\"lazy\" decoding=\"async\" width=\"1024\" height=\"722\" src=\"http:\/\/lash.utrng.edu.mx\/wp-content\/uploads\/2019\/01\/AFI-portada-1024x722.jpg\" alt=\"\" class=\"wp-image-1743\" srcset=\"https:\/\/lash.utrng.edu.mx\/wp-content\/uploads\/2019\/01\/AFI-portada-1024x722.jpg 1024w, https:\/\/lash.utrng.edu.mx\/wp-content\/uploads\/2019\/01\/AFI-portada-300x212.jpg 300w, https:\/\/lash.utrng.edu.mx\/wp-content\/uploads\/2019\/01\/AFI-portada-768x542.jpg 768w, https:\/\/lash.utrng.edu.mx\/wp-content\/uploads\/2019\/01\/AFI-portada.jpg 1280w\" sizes=\"auto, (max-width: 1024px) 100vw, 1024px\" \/><\/figure>\n\n\n\n<p class=\"has-text-color has-vivid-red-color\"><strong>Primer Parcial<\/strong><\/p>\n\n\n\n<hr class=\"wp-block-separator\"\/>\n\n\n\n<p class=\"has-text-color has-luminous-vivid-orange-color\"><strong>Segundo Parcial<\/strong><\/p>\n\n\n\n<hr class=\"wp-block-separator\"\/>\n\n\n\n<p class=\"has-text-color has-vivid-cyan-blue-color\"><strong>Tercer Parcial<\/strong><\/p>\n","protected":false},"excerpt":{"rendered":"<p>Primer Parcial Segundo Parcial Tercer Parcial<\/p>\n","protected":false},"author":1,"featured_media":0,"parent":0,"menu_order":0,"comment_status":"closed","ping_status":"closed","template":"","meta":{"ngg_post_thumbnail":0,"footnotes":""},"class_list":["post-1742","page","type-page","status-publish","hentry"],"_links":{"self":[{"href":"https:\/\/lash.utrng.edu.mx\/index.php?rest_route=\/wp\/v2\/pages\/1742","targetHints":{"allow":["GET"]}}],"collection":[{"href":"https:\/\/lash.utrng.edu.mx\/index.php?rest_route=\/wp\/v2\/pages"}],"about":[{"href":"https:\/\/lash.utrng.edu.mx\/index.php?rest_route=\/wp\/v2\/types\/page"}],"author":[{"embeddable":true,"href":"https:\/\/lash.utrng.edu.mx\/index.php?rest_route=\/wp\/v2\/users\/1"}],"replies":[{"embeddable":true,"href":"https:\/\/lash.utrng.edu.mx\/index.php?rest_route=%2Fwp%2Fv2%2Fcomments&post=1742"}],"version-history":[{"count":2,"href":"https:\/\/lash.utrng.edu.mx\/index.php?rest_route=\/wp\/v2\/pages\/1742\/revisions"}],"predecessor-version":[{"id":1987,"href":"https:\/\/lash.utrng.edu.mx\/index.php?rest_route=\/wp\/v2\/pages\/1742\/revisions\/1987"}],"wp:attachment":[{"href":"https:\/\/lash.utrng.edu.mx\/index.php?rest_route=%2Fwp%2Fv2%2Fmedia&parent=1742"}],"curies":[{"name":"wp","href":"https:\/\/api.w.org\/{rel}","templated":true}]}}