{"id":419,"date":"2017-12-03T23:22:56","date_gmt":"2017-12-03T23:22:56","guid":{"rendered":"http:\/\/lash.utrng.edu.mx\/?page_id=419"},"modified":"2018-05-28T17:35:31","modified_gmt":"2018-05-28T17:35:31","slug":"multimedios","status":"publish","type":"page","link":"https:\/\/lash.utrng.edu.mx\/?page_id=419","title":{"rendered":"Multimedios"},"content":{"rendered":"<p><a href=\"http:\/\/lash.utrng.edu.mx\/wp-content\/uploads\/2017\/11\/networks-2521715_1280.png\"><img loading=\"lazy\" decoding=\"async\" class=\"aligncenter size-large wp-image-420\" src=\"http:\/\/lash.utrng.edu.mx\/wp-content\/uploads\/2017\/11\/networks-2521715_1280-1024x682.png\" alt=\"\" width=\"600\" height=\"400\" srcset=\"https:\/\/lash.utrng.edu.mx\/wp-content\/uploads\/2017\/11\/networks-2521715_1280-1024x682.png 1024w, https:\/\/lash.utrng.edu.mx\/wp-content\/uploads\/2017\/11\/networks-2521715_1280-300x200.png 300w, https:\/\/lash.utrng.edu.mx\/wp-content\/uploads\/2017\/11\/networks-2521715_1280-768x512.png 768w, https:\/\/lash.utrng.edu.mx\/wp-content\/uploads\/2017\/11\/networks-2521715_1280-75x50.png 75w, https:\/\/lash.utrng.edu.mx\/wp-content\/uploads\/2017\/11\/networks-2521715_1280.png 1280w\" sizes=\"auto, (max-width: 600px) 100vw, 600px\" \/><\/a><\/p>\n<h2>Demo 01<\/h2>\n<h2><span style=\"color: #3366ff;\">MP4<\/span><\/h2>\n<div style=\"width: 600px;\" class=\"wp-video\"><!--[if lt IE 9]><script>document.createElement('video');<\/script><![endif]-->\n<video class=\"wp-video-shortcode\" id=\"video-419-1\" width=\"600\" height=\"338\" preload=\"metadata\" controls=\"controls\"><source type=\"video\/mp4\" src=\"http:\/\/lash.utrng.edu.mx\/wp-content\/uploads\/2018\/05\/Demo01.mp4?_=1\" \/><a href=\"http:\/\/lash.utrng.edu.mx\/wp-content\/uploads\/2018\/05\/Demo01.mp4\">http:\/\/lash.utrng.edu.mx\/wp-content\/uploads\/2018\/05\/Demo01.mp4<\/a><\/video><\/div>\n<h2><span style=\"color: #3366ff;\">AVI<\/span><\/h2>\n<p><a href=\"http:\/\/lash.utrng.edu.mx\/wp-content\/uploads\/2018\/05\/Demo01.mp4\">Demo01<\/a><\/p>\n<h2>Documentaci\u00f3n para crear los materiales multimedios de la <a href=\"http:\/\/utrng.edu.mx\/\">UTRNG<\/a><\/h2>\n<p>Durante el cuatrimestre Mayo-Agosto de 2017 se destinaron 4 horas semanales para generar material multimedia que ayudar\u00e1 a la pr\u00e1ctica docente de los catedr\u00e1ticos de la Universidad Tecnol\u00f3gica de la Regi\u00f3n Norte de Guerrero(UTRNG), de manera que permitiera este material apoyar en temas vistos en clases y que por motivos de logistica, suspensi\u00f3n, horario o cualquier otro inponderable ayudar a explicar los temas de las materias de los Programas Educativos del plantel.<\/p>\n<p><!--more--><\/p>\n<p>Listado de material Generado<\/p>\n<p><strong><span style=\"color: #00ff00;\">Audio<\/span><\/strong>.<\/p>\n<p>El audio fue creado a partir de la pagina <strong><a href=\"http:\/\/www.incredibox.com\/\">IncrediBox<\/a>,&nbsp;<\/strong>la cual permite hacer una mezcla de sonidos para generar una pista, las cuales han sido consideradas para los fondos de los videos o para los<strong> intros, <\/strong>as\u00ed mismo se han descargado algunas pistas desde <strong><a href=\"http:\/\/freemusicarchive.org\/\">Free Music Archive<\/a><\/strong>, debido a que son pistas que comparten los autores para uso sin fines de lucro.<\/p>\n<p><!--[if lt IE 9]><script>document.createElement('audio');<\/script><![endif]-->\n<audio class=\"wp-audio-shortcode\" id=\"audio-419-1\" preload=\"none\" style=\"width: 100%;\" controls=\"controls\"><source type=\"audio\/mpeg\" src=\"http:\/\/lash.utrng.edu.mx\/wp-content\/uploads\/2018\/02\/Coldnoise_-_03_-_Lunatic.mp3?_=1\" \/><a href=\"http:\/\/lash.utrng.edu.mx\/wp-content\/uploads\/2018\/02\/Coldnoise_-_03_-_Lunatic.mp3\">http:\/\/lash.utrng.edu.mx\/wp-content\/uploads\/2018\/02\/Coldnoise_-_03_-_Lunatic.mp3<\/a><\/audio> <audio class=\"wp-audio-shortcode\" id=\"audio-419-2\" preload=\"none\" style=\"width: 100%;\" controls=\"controls\"><source type=\"audio\/mpeg\" src=\"http:\/\/lash.utrng.edu.mx\/wp-content\/uploads\/2018\/02\/Coldnoise_-_11_-_Inside_2013.mp3?_=2\" \/><a href=\"http:\/\/lash.utrng.edu.mx\/wp-content\/uploads\/2018\/02\/Coldnoise_-_11_-_Inside_2013.mp3\">http:\/\/lash.utrng.edu.mx\/wp-content\/uploads\/2018\/02\/Coldnoise_-_11_-_Inside_2013.mp3<\/a><\/audio> <audio class=\"wp-audio-shortcode\" id=\"audio-419-3\" preload=\"none\" style=\"width: 100%;\" controls=\"controls\"><source type=\"audio\/mpeg\" src=\"http:\/\/lash.utrng.edu.mx\/wp-content\/uploads\/2018\/02\/incredibox-595BC738EED52-V4.mp3?_=3\" \/><a href=\"http:\/\/lash.utrng.edu.mx\/wp-content\/uploads\/2018\/02\/incredibox-595BC738EED52-V4.mp3\">http:\/\/lash.utrng.edu.mx\/wp-content\/uploads\/2018\/02\/incredibox-595BC738EED52-V4.mp3<\/a><\/audio> <audio class=\"wp-audio-shortcode\" id=\"audio-419-4\" preload=\"none\" style=\"width: 100%;\" controls=\"controls\"><source type=\"audio\/mpeg\" src=\"http:\/\/lash.utrng.edu.mx\/wp-content\/uploads\/2018\/02\/incredibox-595BCB652F880-V4.mp3?_=4\" \/><a href=\"http:\/\/lash.utrng.edu.mx\/wp-content\/uploads\/2018\/02\/incredibox-595BCB652F880-V4.mp3\">http:\/\/lash.utrng.edu.mx\/wp-content\/uploads\/2018\/02\/incredibox-595BCB652F880-V4.mp3<\/a><\/audio> <audio class=\"wp-audio-shortcode\" id=\"audio-419-5\" preload=\"none\" style=\"width: 100%;\" controls=\"controls\"><source type=\"audio\/mpeg\" src=\"http:\/\/lash.utrng.edu.mx\/wp-content\/uploads\/2018\/02\/incredibox-595C5FBC61FE6-V3.mp3?_=5\" \/><a href=\"http:\/\/lash.utrng.edu.mx\/wp-content\/uploads\/2018\/02\/incredibox-595C5FBC61FE6-V3.mp3\">http:\/\/lash.utrng.edu.mx\/wp-content\/uploads\/2018\/02\/incredibox-595C5FBC61FE6-V3.mp3<\/a><\/audio> <audio class=\"wp-audio-shortcode\" id=\"audio-419-6\" preload=\"none\" style=\"width: 100%;\" controls=\"controls\"><source type=\"audio\/mpeg\" src=\"http:\/\/lash.utrng.edu.mx\/wp-content\/uploads\/2018\/02\/incredibox-595C6558661DA-V3.mp3?_=6\" \/><a href=\"http:\/\/lash.utrng.edu.mx\/wp-content\/uploads\/2018\/02\/incredibox-595C6558661DA-V3.mp3\">http:\/\/lash.utrng.edu.mx\/wp-content\/uploads\/2018\/02\/incredibox-595C6558661DA-V3.mp3<\/a><\/audio> <audio class=\"wp-audio-shortcode\" id=\"audio-419-7\" preload=\"none\" style=\"width: 100%;\" controls=\"controls\"><source type=\"audio\/mpeg\" src=\"http:\/\/lash.utrng.edu.mx\/wp-content\/uploads\/2018\/02\/incredibox-595D2E5271FE2-V2.mp3?_=7\" \/><a href=\"http:\/\/lash.utrng.edu.mx\/wp-content\/uploads\/2018\/02\/incredibox-595D2E5271FE2-V2.mp3\">http:\/\/lash.utrng.edu.mx\/wp-content\/uploads\/2018\/02\/incredibox-595D2E5271FE2-V2.mp3<\/a><\/audio><\/p>\n<p style=\"text-align: right;\"><span style=\"color: #ff0000;\"><strong>Archivos fuente de Blender.<\/strong><\/span><\/p>\n<p style=\"text-align: right;\">Los archivos fuente, contienen los escenarios que se utilizaron en el modelado y animaci\u00f3n de t\u00edtulos, logos y dem\u00e1s productos de \u00edndole gr\u00e1fica.<\/p>\n<p style=\"text-align: right;\"><a href=\"http:\/\/lash.utrng.edu.mx\/wp-content\/uploads\/2018\/02\/Blends.zip\">Blends<\/a><\/p>\n<p><span style=\"color: #800080;\"><strong>Video<\/strong><\/span>.<\/p>\n<p>Algunos v\u00eddeos, productos del Render y grabaci\u00f3n.<\/p>\n<p><a href=\"http:\/\/lash.utrng.edu.mx\/wp-content\/uploads\/2018\/02\/t05.avi\">t05<\/a> <a href=\"http:\/\/lash.utrng.edu.mx\/wp-content\/uploads\/2018\/02\/t04.avi\">t04<\/a> <a href=\"http:\/\/lash.utrng.edu.mx\/wp-content\/uploads\/2018\/02\/t03.avi\">t03<\/a> <a href=\"http:\/\/lash.utrng.edu.mx\/wp-content\/uploads\/2018\/02\/t02.avi\">t02<\/a> <a href=\"http:\/\/lash.utrng.edu.mx\/wp-content\/uploads\/2018\/02\/t01.avi\">t01<\/a> <a href=\"http:\/\/lash.utrng.edu.mx\/wp-content\/uploads\/2018\/02\/Intro-web.avi\">Intro web<\/a><\/p>\n","protected":false},"excerpt":{"rendered":"<p>Demo 01 MP4 AVI Demo01 Documentaci\u00f3n para crear los materiales multimedios de la UTRNG Durante el cuatrimestre Mayo-Agosto de 2017 se destinaron 4 horas semanales para generar material multimedia que ayudar\u00e1 a la pr\u00e1ctica docente de los catedr\u00e1ticos de la Universidad Tecnol\u00f3gica de la Regi\u00f3n Norte de Guerrero(UTRNG), de manera que permitiera este material apoyar &hellip; <a href=\"https:\/\/lash.utrng.edu.mx\/?page_id=419\">Seguir leyendo <span class=\"meta-nav\">&rarr;<\/span><\/a><\/p>\n","protected":false},"author":1,"featured_media":0,"parent":0,"menu_order":0,"comment_status":"closed","ping_status":"closed","template":"","meta":{"ngg_post_thumbnail":0,"footnotes":""},"class_list":["post-419","page","type-page","status-publish","hentry"],"_links":{"self":[{"href":"https:\/\/lash.utrng.edu.mx\/index.php?rest_route=\/wp\/v2\/pages\/419","targetHints":{"allow":["GET"]}}],"collection":[{"href":"https:\/\/lash.utrng.edu.mx\/index.php?rest_route=\/wp\/v2\/pages"}],"about":[{"href":"https:\/\/lash.utrng.edu.mx\/index.php?rest_route=\/wp\/v2\/types\/page"}],"author":[{"embeddable":true,"href":"https:\/\/lash.utrng.edu.mx\/index.php?rest_route=\/wp\/v2\/users\/1"}],"replies":[{"embeddable":true,"href":"https:\/\/lash.utrng.edu.mx\/index.php?rest_route=%2Fwp%2Fv2%2Fcomments&post=419"}],"version-history":[{"count":10,"href":"https:\/\/lash.utrng.edu.mx\/index.php?rest_route=\/wp\/v2\/pages\/419\/revisions"}],"predecessor-version":[{"id":588,"href":"https:\/\/lash.utrng.edu.mx\/index.php?rest_route=\/wp\/v2\/pages\/419\/revisions\/588"}],"wp:attachment":[{"href":"https:\/\/lash.utrng.edu.mx\/index.php?rest_route=%2Fwp%2Fv2%2Fmedia&parent=419"}],"curies":[{"name":"wp","href":"https:\/\/api.w.org\/{rel}","templated":true}]}}